{"id":16,"date":"2025-12-29T23:33:35","date_gmt":"2025-12-29T22:33:35","guid":{"rendered":"https:\/\/valosag.eu\/?page_id=16"},"modified":"2025-12-30T03:36:48","modified_gmt":"2025-12-30T02:36:48","slug":"valosag","status":"publish","type":"page","link":"https:\/\/valosag.eu\/","title":{"rendered":"Val\u00f3s\u00e1g"},"content":{"rendered":"<div id='full_slider_1'  class='avia-fullwidth-slider main_color avia-shadow   avia-builder-el-0  el_before_av_section  avia-builder-el-first   container_wrap fullsize'  ><div  class='avia-slideshow av-mjrqigne-3416f53fcf317ce8dc5e8bc93bdbc8e0 avia-slideshow-no scaling av_slideshow_full avia-slide-slider av-slideshow-ui av-control-default av-slideshow-manual av-loop-once av-loop-manual-endless av-default-height-applied   avia-slideshow-1' data-slideshow-options=\"{&quot;animation&quot;:&quot;slide&quot;,&quot;autoplay&quot;:false,&quot;loop_autoplay&quot;:&quot;once&quot;,&quot;interval&quot;:5,&quot;loop_manual&quot;:&quot;manual-endless&quot;,&quot;autoplay_stopper&quot;:false,&quot;noNavigation&quot;:false,&quot;bg_slider&quot;:false,&quot;keep_padding&quot;:false,&quot;hoverpause&quot;:false,&quot;show_slide_delay&quot;:0}\"  itemprop=\"image\" itemscope=\"itemscope\" itemtype=\"https:\/\/schema.org\/ImageObject\" ><ul class='avia-slideshow-inner ' style='padding-bottom: 45.78125%;'><li  class='avia-slideshow-slide av-mjrqigne-3416f53fcf317ce8dc5e8bc93bdbc8e0__0  av-single-slide slide-1 slide-odd'><div data-rel='slideshow-1' class='avia-slide-wrap '   ><img decoding=\"async\" fetchpriority=\"high\" class=\"wp-image-20 avia-img-lazy-loading-not-20\"  src=\"https:\/\/valosag.eu\/wp-content\/uploads\/2025\/12\/valosag-2.jpg\" width=\"1920\" height=\"879\" title='val\u00f3s\u00e1g' alt=''  itemprop=\"thumbnailUrl\" srcset=\"https:\/\/valosag.eu\/wp-content\/uploads\/2025\/12\/valosag-2.jpg 1920w, https:\/\/valosag.eu\/wp-content\/uploads\/2025\/12\/valosag-2-300x137.jpg 300w, https:\/\/valosag.eu\/wp-content\/uploads\/2025\/12\/valosag-2-1030x472.jpg 1030w, https:\/\/valosag.eu\/wp-content\/uploads\/2025\/12\/valosag-2-768x352.jpg 768w, https:\/\/valosag.eu\/wp-content\/uploads\/2025\/12\/valosag-2-1536x703.jpg 1536w, https:\/\/valosag.eu\/wp-content\/uploads\/2025\/12\/valosag-2-1500x687.jpg 1500w, https:\/\/valosag.eu\/wp-content\/uploads\/2025\/12\/valosag-2-705x323.jpg 705w\" sizes=\"(max-width: 1920px) 100vw, 1920px\" \/><\/div><\/li><\/ul><\/div><\/div>\n<div id='av_section_1'  class='avia-section av-90mk-5ef04351d532c25a10a1227064773443 main_color avia-section-default avia-no-border-styling  avia-builder-el-1  el_after_av_slideshow_full  avia-builder-el-last  avia-bg-style-scroll container_wrap fullsize'  ><div class='container av-section-cont-open' ><div class='template-page content  av-content-full alpha units'><div class='post-entry post-entry-type-page post-entry-16'><div class='entry-content-wrapper clearfix'>\n<div  class='flex_column av-2aedc-b5d2ee6247a8d7c4aab59a124af63ee6 av_one_fifth  avia-builder-el-2  el_before_av_three_fifth  avia-builder-el-first  first flex_column_div  '     ><\/div><div  class='flex_column av-1r9po-25413b4b351a66ffa9bae7487726d88b av_three_fifth  avia-builder-el-3  el_after_av_one_fifth  el_before_av_one_fifth  flex_column_div  '     ><style type=\"text\/css\" data-created_by=\"avia_inline_auto\" id=\"style-css-av-mjrqq00b-d18a01f2e16e555689151e39e8028cf0\">\n#top .av-special-heading.av-mjrqq00b-d18a01f2e16e555689151e39e8028cf0{\npadding-bottom:10px;\n}\nbody .av-special-heading.av-mjrqq00b-d18a01f2e16e555689151e39e8028cf0 .av-special-heading-tag .heading-char{\nfont-size:25px;\n}\n.av-special-heading.av-mjrqq00b-d18a01f2e16e555689151e39e8028cf0 .av-subheading{\nfont-size:15px;\n}\n<\/style>\n<div  class='av-special-heading av-mjrqq00b-d18a01f2e16e555689151e39e8028cf0 av-special-heading-h1 blockquote modern-quote modern-centered  avia-builder-el-4  avia-builder-el-no-sibling '><h1 class='av-special-heading-tag '  itemprop=\"headline\"  >A t\u00e9nyekr\u0151l feket\u00e9n-feh\u00e9ren!<\/h1><div class=\"special-heading-border\"><div class=\"special-heading-inner-border\"><\/div><\/div><\/div><\/div><div  class='flex_column av-1058w-7899701bc4ba70a789300480aa40df14 av_one_fifth  avia-builder-el-5  el_after_av_three_fifth  avia-builder-el-last  flex_column_div  '     ><\/div>\n","protected":false},"excerpt":{"rendered":"","protected":false},"author":1,"featured_media":0,"parent":0,"menu_order":0,"comment_status":"closed","ping_status":"closed","template":"","meta":{"footnotes":""},"class_list":["post-16","page","type-page","status-publish","hentry"],"_links":{"self":[{"href":"https:\/\/valosag.eu\/index.php?rest_route=\/wp\/v2\/pages\/16","targetHints":{"allow":["GET"]}}],"collection":[{"href":"https:\/\/valosag.eu\/index.php?rest_route=\/wp\/v2\/pages"}],"about":[{"href":"https:\/\/valosag.eu\/index.php?rest_route=\/wp\/v2\/types\/page"}],"author":[{"embeddable":true,"href":"https:\/\/valosag.eu\/index.php?rest_route=\/wp\/v2\/users\/1"}],"replies":[{"embeddable":true,"href":"https:\/\/valosag.eu\/index.php?rest_route=%2Fwp%2Fv2%2Fcomments&post=16"}],"version-history":[{"count":6,"href":"https:\/\/valosag.eu\/index.php?rest_route=\/wp\/v2\/pages\/16\/revisions"}],"predecessor-version":[{"id":28,"href":"https:\/\/valosag.eu\/index.php?rest_route=\/wp\/v2\/pages\/16\/revisions\/28"}],"wp:attachment":[{"href":"https:\/\/valosag.eu\/index.php?rest_route=%2Fwp%2Fv2%2Fmedia&parent=16"}],"curies":[{"name":"wp","href":"https:\/\/api.w.org\/{rel}","templated":true}]}}